{"id":1211,"date":"2024-02-27T07:56:53","date_gmt":"2024-02-27T07:56:53","guid":{"rendered":"https:\/\/haug-connection360.de\/impressum\/"},"modified":"2025-10-30T16:24:08","modified_gmt":"2025-10-30T16:24:08","slug":"impressum","status":"publish","type":"page","link":"https:\/\/haug-connection360.de\/en\/impressum\/","title":{"rendered":"Impressum"},"content":{"rendered":"<p>[et_pb_section fb_built=&#8221;1&#8243; admin_label=&#8221;section&#8221; _builder_version=&#8221;4.16&#8243; global_colors_info=&#8221;{}&#8221;][et_pb_row admin_label=&#8221;row&#8221; _builder_version=&#8221;4.16&#8243; background_size=&#8221;initial&#8221; background_position=&#8221;top_left&#8221; background_repeat=&#8221;repeat&#8221; global_colors_info=&#8221;{}&#8221;][et_pb_column type=&#8221;4_4&#8243; _builder_version=&#8221;4.16&#8243; custom_padding=&#8221;|||&#8221; global_colors_info=&#8221;{}&#8221; custom_padding__hover=&#8221;|||&#8221;][et_pb_text _builder_version=&#8221;4.27.4&#8243; _module_preset=&#8221;default&#8221; hover_enabled=&#8221;0&#8243; global_colors_info=&#8221;{}&#8221; sticky_enabled=&#8221;0&#8243;]<\/p>\n<h1>Impressum<\/h1>\n<h6>Connection360\u00b0 ist eine Marke der <a href=\"https:\/\/longo-communication.com\/\">Longo Communication GmbH<\/a>.<\/h6>\n<p data-start=\"309\" data-end=\"379\">Longo Communication GmbH<br data-start=\"333\" data-end=\"336\" \/>Spitalstra\u00dfe 26<br data-start=\"351\" data-end=\"354\" \/>91207 Lauf an der Pegnitz<\/p>\n<p data-start=\"381\" data-end=\"410\">Vertreten durch:<br data-start=\"397\" data-end=\"400\" \/>Sonja Haug<\/p>\n<hr data-start=\"412\" data-end=\"415\" \/>\n<h2 data-start=\"417\" data-end=\"427\">Kontakt<\/h2>\n<p data-start=\"429\" data-end=\"531\">Connection360\u00b0<\/p>\n<p data-start=\"429\" data-end=\"531\"><span>Mobil: +49 (1)72 8383811<\/span><br \/><span>info(at)haug-connection360.de<\/span><\/p>\n<hr data-start=\"533\" data-end=\"536\" \/>\n<h2 data-start=\"538\" data-end=\"556\">Umsatzsteuer-ID<\/h2>\n<p data-start=\"558\" data-end=\"639\">Umsatzsteuer-Identifikationsnummer gem\u00e4\u00df \u00a7 27 a Umsatzsteuergesetz:<br data-start=\"625\" data-end=\"628\" \/>DE260625709<\/p>\n<hr data-start=\"641\" data-end=\"644\" \/>\n<h2 data-start=\"646\" data-end=\"681\">Wirtschaftsidentifikationsnummer<\/h2>\n<p data-start=\"683\" data-end=\"696\">241\/131\/60620<\/p>\n<hr data-start=\"698\" data-end=\"701\" \/>\n<h2 data-start=\"703\" data-end=\"733\">Redaktionell verantwortlich<\/h2>\n<p data-start=\"735\" data-end=\"745\">Sonja Haug<\/p>\n<hr data-start=\"997\" data-end=\"1000\" \/>\n<h2 data-start=\"1002\" data-end=\"1065\">Verbraucher\u00adstreit\u00adbeilegung \/ Universal\u00adschlichtungs\u00adstelle<\/h2>\n<p data-start=\"1067\" data-end=\"1190\">Wir sind nicht bereit oder verpflichtet, an Streitbeilegungsverfahren vor einer Verbraucherschlichtungsstelle teilzunehmen.<\/p>\n<hr data-start=\"1192\" data-end=\"1195\" \/>\n<h2 data-start=\"1197\" data-end=\"1219\">Haftung f\u00fcr Inhalte<\/h2>\n<p data-start=\"1221\" data-end=\"1578\">Als Diensteanbieter sind wir gem\u00e4\u00df \u00a7 7 Abs.1 TMG f\u00fcr eigene Inhalte auf diesen Seiten nach den allgemeinen Gesetzen verantwortlich.<br data-start=\"1352\" data-end=\"1355\" \/>Nach \u00a7\u00a7 8 bis 10 TMG sind wir als Diensteanbieter jedoch nicht verpflichtet, \u00fcbermittelte oder gespeicherte fremde Informationen zu \u00fcberwachen oder nach Umst\u00e4nden zu forschen, die auf eine rechtswidrige T\u00e4tigkeit hinweisen.<\/p>\n<p data-start=\"1580\" data-end=\"1932\">Verpflichtungen zur Entfernung oder Sperrung der Nutzung von Informationen nach den allgemeinen Gesetzen bleiben hiervon unber\u00fchrt.<br data-start=\"1711\" data-end=\"1714\" \/>Eine diesbez\u00fcgliche Haftung ist jedoch erst ab dem Zeitpunkt der Kenntnis einer konkreten Rechtsverletzung m\u00f6glich.<br data-start=\"1829\" data-end=\"1832\" \/>Bei Bekanntwerden von entsprechenden Rechtsverletzungen werden wir diese Inhalte umgehend entfernen.<\/p>\n<hr data-start=\"1934\" data-end=\"1937\" \/>\n<h2 data-start=\"1939\" data-end=\"1959\">Haftung f\u00fcr Links<\/h2>\n<p data-start=\"1961\" data-end=\"2430\">Unser Angebot enth\u00e4lt Links zu externen Websites Dritter, auf deren Inhalte wir keinen Einfluss haben.<br data-start=\"2063\" data-end=\"2066\" \/>Deshalb k\u00f6nnen wir f\u00fcr diese fremden Inhalte auch keine Gew\u00e4hr \u00fcbernehmen.<br data-start=\"2140\" data-end=\"2143\" \/>F\u00fcr die Inhalte der verlinkten Seiten ist stets der jeweilige Anbieter oder Betreiber der Seiten verantwortlich.<br data-start=\"2255\" data-end=\"2258\" \/>Die verlinkten Seiten wurden zum Zeitpunkt der Verlinkung auf m\u00f6gliche Rechtsverst\u00f6\u00dfe \u00fcberpr\u00fcft.<br data-start=\"2354\" data-end=\"2357\" \/>Rechtswidrige Inhalte waren zum Zeitpunkt der Verlinkung nicht erkennbar.<\/p>\n<p data-start=\"2432\" data-end=\"2659\">Eine permanente inhaltliche Kontrolle der verlinkten Seiten ist jedoch ohne konkrete Anhaltspunkte einer Rechtsverletzung nicht zumutbar.<br data-start=\"2569\" data-end=\"2572\" \/>Bei Bekanntwerden von Rechtsverletzungen werden wir derartige Links umgehend entfernen.<\/p>\n<hr data-start=\"2661\" data-end=\"2664\" \/>\n<h2 data-start=\"2666\" data-end=\"2681\">Urheberrecht<\/h2>\n<p data-start=\"2683\" data-end=\"3097\">Die durch die Seitenbetreiber erstellten Inhalte und Werke auf diesen Seiten unterliegen dem deutschen Urheberrecht.<br data-start=\"2799\" data-end=\"2802\" \/>Die Vervielf\u00e4ltigung, Bearbeitung, Verbreitung und jede Art der Verwertung au\u00dferhalb der Grenzen des Urheberrechtes bed\u00fcrfen der schriftlichen Zustimmung des jeweiligen Autors bzw. Erstellers.<br data-start=\"2994\" data-end=\"2997\" \/>Downloads und Kopien dieser Seite sind nur f\u00fcr den privaten, nicht kommerziellen Gebrauch gestattet.<\/p>\n<p data-start=\"3099\" data-end=\"3490\">Soweit die Inhalte auf dieser Seite nicht vom Betreiber erstellt wurden, werden die Urheberrechte Dritter beachtet.<br data-start=\"3214\" data-end=\"3217\" \/>Insbesondere werden Inhalte Dritter als solche gekennzeichnet.<br data-start=\"3279\" data-end=\"3282\" \/>Sollten Sie trotzdem auf eine Urheberrechtsverletzung aufmerksam werden, bitten wir um einen entsprechenden Hinweis.<br data-start=\"3398\" data-end=\"3401\" \/>Bei Bekanntwerden von Rechtsverletzungen werden wir derartige Inhalte umgehend entfernen.<\/p>\n<p>&nbsp;<\/p>\n<h2>Bildnachweise:<\/h2>\n<p>Die Bilder auf dieser Seite stammen aus eigenen Quellen sowie von dem Anbieter \u201eshutterstock\u201c (www.shutterstock.com):<\/p>\n<p>Shutterstock <a class=\"mui-19sk0fy-a-underline-inherit-linkContainer\" href=\"https:\/\/www.shutterstock.com\/de\/g\/Lakuku+Vector\">Lakuku Vector<\/a> ID 2295512791<br \/>Shutterstock\u00a0 <a class=\"mui-19sk0fy-a-underline-inherit-linkContainer\" href=\"https:\/\/www.shutterstock.com\/de\/g\/tetiana_u\">tetiana_u<\/a> ID 1925137238<br \/>Shutterstock <a class=\"mui-w0b8ym-a-inherit-linkContainer\" title=\"Ground Picture\" data-automation=\"ContributorDetails\" href=\"https:\/\/www.shutterstock.com\/de\/g\/Ground+Picture\"><span class=\"MuiBox-root mui-16qd35q-centeredContent-avatarContainer\"><span class=\"MuiTypography-root MuiTypography-body1 mui-r4n38m-contributorLabel-linkAvatarLabel\">Ground Picture<\/span><\/span><\/a> ID <span>1278911914<\/span><\/p>\n<p>&nbsp;<\/p>\n<p>[\/et_pb_text][\/et_pb_column][\/et_pb_row][\/et_pb_section]<\/p>\n","protected":false},"excerpt":{"rendered":"<p>Impressum Connection360\u00b0 ist eine Marke der Longo Communication GmbH. Longo Communication GmbHSpitalstra\u00dfe 2691207 Lauf an der Pegnitz Vertreten durch:Sonja Haug Kontakt Connection360\u00b0 Mobil: +49 (1)72 8383811info(at)haug-connection360.de Umsatzsteuer-ID Umsatzsteuer-Identifikationsnummer gem\u00e4\u00df \u00a7 27 a Umsatzsteuergesetz:DE260625709 Wirtschaftsidentifikationsnummer 241\/131\/60620 Redaktionell verantwortlich Sonja Haug Verbraucher\u00adstreit\u00adbeilegung \/ Universal\u00adschlichtungs\u00adstelle Wir sind nicht bereit oder verpflichtet, an Streitbeilegungsverfahren vor einer Verbraucherschlichtungsstelle teilzunehmen. Haftung [&hellip;]<\/p>\n","protected":false},"author":1,"featured_media":0,"parent":0,"menu_order":0,"comment_status":"closed","ping_status":"closed","template":"","meta":{"_et_pb_use_builder":"on","_et_pb_old_content":"","_et_gb_content_width":"","footnotes":""},"class_list":["post-1211","page","type-page","status-publish","hentry"],"yoast_head":"<!-- This site is optimized with the Yoast SEO plugin v26.2 - https:\/\/yoast.com\/wordpress\/plugins\/seo\/ -->\n<title>Impressum - Connection 360 Grad<\/title>\n<meta name=\"robots\" content=\"index, follow, max-snippet:-1, max-image-preview:large, max-video-preview:-1\" \/>\n<link rel=\"canonical\" href=\"https:\/\/haug-connection360.de\/en\/impressum\/\" \/>\n<meta property=\"og:locale\" content=\"en_US\" \/>\n<meta property=\"og:type\" content=\"article\" \/>\n<meta property=\"og:title\" content=\"Impressum - Connection 360 Grad\" \/>\n<meta property=\"og:description\" content=\"Impressum Connection360\u00b0 ist eine Marke der Longo Communication GmbH. Longo Communication GmbHSpitalstra\u00dfe 2691207 Lauf an der Pegnitz Vertreten durch:Sonja Haug Kontakt Connection360\u00b0 Mobil: +49 (1)72 8383811info(at)haug-connection360.de Umsatzsteuer-ID Umsatzsteuer-Identifikationsnummer gem\u00e4\u00df \u00a7 27 a Umsatzsteuergesetz:DE260625709 Wirtschaftsidentifikationsnummer 241\/131\/60620 Redaktionell verantwortlich Sonja Haug Verbraucher\u00adstreit\u00adbeilegung \/ Universal\u00adschlichtungs\u00adstelle Wir sind nicht bereit oder verpflichtet, an Streitbeilegungsverfahren vor einer Verbraucherschlichtungsstelle teilzunehmen. Haftung [&hellip;]\" \/>\n<meta property=\"og:url\" content=\"https:\/\/haug-connection360.de\/en\/impressum\/\" \/>\n<meta property=\"og:site_name\" content=\"Connection 360 Grad\" \/>\n<meta property=\"article:modified_time\" content=\"2025-10-30T16:24:08+00:00\" \/>\n<meta name=\"twitter:card\" content=\"summary_large_image\" \/>\n<meta name=\"twitter:label1\" content=\"Est. reading time\" \/>\n\t<meta name=\"twitter:data1\" content=\"3 minutes\" \/>\n<script type=\"application\/ld+json\" class=\"yoast-schema-graph\">{\"@context\":\"https:\/\/schema.org\",\"@graph\":[{\"@type\":\"WebPage\",\"@id\":\"https:\/\/haug-connection360.de\/en\/impressum\/\",\"url\":\"https:\/\/haug-connection360.de\/en\/impressum\/\",\"name\":\"Impressum - Connection 360 Grad\",\"isPartOf\":{\"@id\":\"https:\/\/haug-connection360.de\/en\/#website\"},\"datePublished\":\"2024-02-27T07:56:53+00:00\",\"dateModified\":\"2025-10-30T16:24:08+00:00\",\"breadcrumb\":{\"@id\":\"https:\/\/haug-connection360.de\/en\/impressum\/#breadcrumb\"},\"inLanguage\":\"en-US\",\"potentialAction\":[{\"@type\":\"ReadAction\",\"target\":[\"https:\/\/haug-connection360.de\/en\/impressum\/\"]}]},{\"@type\":\"BreadcrumbList\",\"@id\":\"https:\/\/haug-connection360.de\/en\/impressum\/#breadcrumb\",\"itemListElement\":[{\"@type\":\"ListItem\",\"position\":1,\"name\":\"Startseite\",\"item\":\"https:\/\/haug-connection360.de\/en\/?page_id=1269\"},{\"@type\":\"ListItem\",\"position\":2,\"name\":\"Impressum\"}]},{\"@type\":\"WebSite\",\"@id\":\"https:\/\/haug-connection360.de\/en\/#website\",\"url\":\"https:\/\/haug-connection360.de\/en\/\",\"name\":\"Connection 360 Grad\",\"description\":\"Ganzheitliche Arbeit f\u00fcr ein gesundes Mensch-Hund-Bonding\",\"publisher\":{\"@id\":\"https:\/\/haug-connection360.de\/en\/#organization\"},\"potentialAction\":[{\"@type\":\"SearchAction\",\"target\":{\"@type\":\"EntryPoint\",\"urlTemplate\":\"https:\/\/haug-connection360.de\/en\/?s={search_term_string}\"},\"query-input\":{\"@type\":\"PropertyValueSpecification\",\"valueRequired\":true,\"valueName\":\"search_term_string\"}}],\"inLanguage\":\"en-US\"},{\"@type\":\"Organization\",\"@id\":\"https:\/\/haug-connection360.de\/en\/#organization\",\"name\":\"Connection 360 Grad\",\"url\":\"https:\/\/haug-connection360.de\/en\/\",\"logo\":{\"@type\":\"ImageObject\",\"inLanguage\":\"en-US\",\"@id\":\"https:\/\/haug-connection360.de\/en\/#\/schema\/logo\/image\/\",\"url\":\"https:\/\/haug-connection360.de\/wp-content\/uploads\/2024\/05\/cropped-Connection-360-Grad-Logo-red.png\",\"contentUrl\":\"https:\/\/haug-connection360.de\/wp-content\/uploads\/2024\/05\/cropped-Connection-360-Grad-Logo-red.png\",\"width\":512,\"height\":512,\"caption\":\"Connection 360 Grad\"},\"image\":{\"@id\":\"https:\/\/haug-connection360.de\/en\/#\/schema\/logo\/image\/\"}}]}<\/script>\n<!-- \/ Yoast SEO plugin. -->","yoast_head_json":{"title":"Impressum - Connection 360 Grad","robots":{"index":"index","follow":"follow","max-snippet":"max-snippet:-1","max-image-preview":"max-image-preview:large","max-video-preview":"max-video-preview:-1"},"canonical":"https:\/\/haug-connection360.de\/en\/impressum\/","og_locale":"en_US","og_type":"article","og_title":"Impressum - Connection 360 Grad","og_description":"Impressum Connection360\u00b0 ist eine Marke der Longo Communication GmbH. Longo Communication GmbHSpitalstra\u00dfe 2691207 Lauf an der Pegnitz Vertreten durch:Sonja Haug Kontakt Connection360\u00b0 Mobil: +49 (1)72 8383811info(at)haug-connection360.de Umsatzsteuer-ID Umsatzsteuer-Identifikationsnummer gem\u00e4\u00df \u00a7 27 a Umsatzsteuergesetz:DE260625709 Wirtschaftsidentifikationsnummer 241\/131\/60620 Redaktionell verantwortlich Sonja Haug Verbraucher\u00adstreit\u00adbeilegung \/ Universal\u00adschlichtungs\u00adstelle Wir sind nicht bereit oder verpflichtet, an Streitbeilegungsverfahren vor einer Verbraucherschlichtungsstelle teilzunehmen. Haftung [&hellip;]","og_url":"https:\/\/haug-connection360.de\/en\/impressum\/","og_site_name":"Connection 360 Grad","article_modified_time":"2025-10-30T16:24:08+00:00","twitter_card":"summary_large_image","twitter_misc":{"Est. reading time":"3 minutes"},"schema":{"@context":"https:\/\/schema.org","@graph":[{"@type":"WebPage","@id":"https:\/\/haug-connection360.de\/en\/impressum\/","url":"https:\/\/haug-connection360.de\/en\/impressum\/","name":"Impressum - Connection 360 Grad","isPartOf":{"@id":"https:\/\/haug-connection360.de\/en\/#website"},"datePublished":"2024-02-27T07:56:53+00:00","dateModified":"2025-10-30T16:24:08+00:00","breadcrumb":{"@id":"https:\/\/haug-connection360.de\/en\/impressum\/#breadcrumb"},"inLanguage":"en-US","potentialAction":[{"@type":"ReadAction","target":["https:\/\/haug-connection360.de\/en\/impressum\/"]}]},{"@type":"BreadcrumbList","@id":"https:\/\/haug-connection360.de\/en\/impressum\/#breadcrumb","itemListElement":[{"@type":"ListItem","position":1,"name":"Startseite","item":"https:\/\/haug-connection360.de\/en\/?page_id=1269"},{"@type":"ListItem","position":2,"name":"Impressum"}]},{"@type":"WebSite","@id":"https:\/\/haug-connection360.de\/en\/#website","url":"https:\/\/haug-connection360.de\/en\/","name":"Connection 360 Grad","description":"Ganzheitliche Arbeit f\u00fcr ein gesundes Mensch-Hund-Bonding","publisher":{"@id":"https:\/\/haug-connection360.de\/en\/#organization"},"potentialAction":[{"@type":"SearchAction","target":{"@type":"EntryPoint","urlTemplate":"https:\/\/haug-connection360.de\/en\/?s={search_term_string}"},"query-input":{"@type":"PropertyValueSpecification","valueRequired":true,"valueName":"search_term_string"}}],"inLanguage":"en-US"},{"@type":"Organization","@id":"https:\/\/haug-connection360.de\/en\/#organization","name":"Connection 360 Grad","url":"https:\/\/haug-connection360.de\/en\/","logo":{"@type":"ImageObject","inLanguage":"en-US","@id":"https:\/\/haug-connection360.de\/en\/#\/schema\/logo\/image\/","url":"https:\/\/haug-connection360.de\/wp-content\/uploads\/2024\/05\/cropped-Connection-360-Grad-Logo-red.png","contentUrl":"https:\/\/haug-connection360.de\/wp-content\/uploads\/2024\/05\/cropped-Connection-360-Grad-Logo-red.png","width":512,"height":512,"caption":"Connection 360 Grad"},"image":{"@id":"https:\/\/haug-connection360.de\/en\/#\/schema\/logo\/image\/"}}]}},"_links":{"self":[{"href":"https:\/\/haug-connection360.de\/en\/wp-json\/wp\/v2\/pages\/1211","targetHints":{"allow":["GET"]}}],"collection":[{"href":"https:\/\/haug-connection360.de\/en\/wp-json\/wp\/v2\/pages"}],"about":[{"href":"https:\/\/haug-connection360.de\/en\/wp-json\/wp\/v2\/types\/page"}],"author":[{"embeddable":true,"href":"https:\/\/haug-connection360.de\/en\/wp-json\/wp\/v2\/users\/1"}],"replies":[{"embeddable":true,"href":"https:\/\/haug-connection360.de\/en\/wp-json\/wp\/v2\/comments?post=1211"}],"version-history":[{"count":1,"href":"https:\/\/haug-connection360.de\/en\/wp-json\/wp\/v2\/pages\/1211\/revisions"}],"predecessor-version":[{"id":1212,"href":"https:\/\/haug-connection360.de\/en\/wp-json\/wp\/v2\/pages\/1211\/revisions\/1212"}],"wp:attachment":[{"href":"https:\/\/haug-connection360.de\/en\/wp-json\/wp\/v2\/media?parent=1211"}],"curies":[{"name":"wp","href":"https:\/\/api.w.org\/{rel}","templated":true}]}}